{"id":1270,"date":"2021-11-06T12:58:57","date_gmt":"2021-11-06T12:58:57","guid":{"rendered":"http:\/\/ikdd.clubrav4.es\/?page_id=1270"},"modified":"2022-01-09T12:23:18","modified_gmt":"2022-01-09T12:23:18","slug":"rutas-rav4","status":"publish","type":"page","link":"http:\/\/ikdd.clubrav4.es\/index.php\/rutas-rav4\/","title":{"rendered":"Rutas RAV4"},"content":{"rendered":"\n<p>En esta web podr\u00e1s ver y descargar las rutas RAV4 que seguiremos en la I KDD RAV4 Espa\u00f1a.<\/p>\n\n\n\n<div class=\"wp-block-image\"><figure class=\"aligncenter size-full\"><img loading=\"lazy\" decoding=\"async\" width=\"200\" height=\"116\" src=\"http:\/\/ikdd.clubrav4.es\/wp-content\/uploads\/2021\/09\/cropped-Rav4-e1632903634851.png\" alt=\"rutas RAV4\" class=\"wp-image-1239\"\/><\/figure><\/div>\n\n\n\n<p>La KDD se divide en dos d\u00edas en los cuales saldremos con nuestros coches por la sierra de Madrid para realizar las siguientes rutas RAV4:<\/p>\n\n\n\n<div class=\"wp-block-columns is-layout-flex wp-container-core-columns-is-layout-9d6595d7 wp-block-columns-is-layout-flex\">\n<div class=\"wp-block-column is-layout-flow wp-block-column-is-layout-flow\">\n<p class=\"has-text-align-center\"><strong>19 de febrero de 2022<\/strong><\/p>\n\n\n\n<p>Una ruta tranquila con cierto desnivel que nos permitir\u00e1 realizar una toma de contacto con el terreno<\/p>\n\n\n\n<p><\/p>\n\n\n\n<p><strong>Ha habido un cambio en la ruta para la hora de la comida. Se ir\u00e1 hasta Soto del Real al restaurante La Estaci\u00f3n Real.<\/strong><\/p>\n\n\n\n<iframe loading=\"lazy\" frameborder=\"0\" scrolling=\"no\" src=\"https:\/\/es.wikiloc.com\/wikiloc\/spatialArtifacts.do?event=view&amp;id=88201723&amp;measures=on&amp;title=on&amp;near=off&amp;images=off&amp;maptype=H\" width=\"550\" height=\"400\"><\/iframe><div style=\"color:#777;font-size:11px;line-height:16px;\">Powered by <a style=\"color:#06d;font-size:11px;line-height:16px;\" target=\"_blank\" href=\"https:\/\/es.wikiloc.com\" rel=\"noopener\">Wikiloc<\/a><\/div>\n\n\n\n<figure class=\"wp-block-video\"><video height=\"1080\" style=\"aspect-ratio: 1920 \/ 1080;\" width=\"1920\" controls src=\"http:\/\/ikdd.clubrav4.es\/wp-content\/uploads\/2021\/11\/dia-1.mp4\"><\/video><\/figure>\n\n\n\n<div class=\"wp-block-buttons is-layout-flex wp-block-buttons-is-layout-flex\">\n<div class=\"wp-block-button is-style-fill\"><a class=\"wp-block-button__link\" href=\"https:\/\/www.google.com\/maps\/d\/u\/0\/edit?hl=es&amp;mid=1MfGFAWmR1g19AdMUe6Qg0d5N4o2jbhYC&amp;ll=40.889547461075374%2C-3.6895500000000103&amp;z=12\" target=\"_blank\" rel=\"https:\/\/drive.google.com\/file\/d\/1xhN1_n9_I_3D7BpOtfC5YPYRTdas1Mer\/view?usp=sharing noopener\">DESCARGA MAPS<\/a><\/div>\n\n\n\n<div class=\"wp-block-button is-style-outline is-style-outline--1\"><a class=\"wp-block-button__link\" href=\"https:\/\/drive.google.com\/file\/d\/1-OTfUjKnKPFRr6Bh7mmRE74QMEwcdr5P\/view?usp=sharing\" target=\"_blank\" rel=\"https:\/\/drive.google.com\/file\/d\/1-OTfUjKnKPFRr6Bh7mmRE74QMEwcdr5P\/view?usp=sharing noopener\">DESCARGA GPS<\/a><\/div>\n<\/div>\n<\/div>\n\n\n\n<div class=\"wp-block-column is-layout-flow wp-block-column-is-layout-flow\">\n<p class=\"has-text-align-center\"><strong>20 de febrero de 2022<\/strong><\/p>\n\n\n\n<p>En este segundo d\u00eda tenemos dos opciones de ruta. Una para los m\u00e1s intr\u00e9pidos, con un tramo de 8Km Off-Road y una segunda para los que disfrutan del conducir por carretera.<\/p>\n\n\n\n<p>RUTA A &#8211;  La intr\u00e9pida<\/p>\n\n\n\n<iframe loading=\"lazy\" frameborder=\"0\" scrolling=\"no\" src=\"https:\/\/es.wikiloc.com\/wikiloc\/spatialArtifacts.do?event=view&amp;id=88082073&amp;measures=on&amp;title=on&amp;near=off&amp;images=off&amp;maptype=H\" width=\"550\" height=\"400\"><\/iframe><div style=\"color:#777;font-size:11px;line-height:16px;\">Powered by <a style=\"color:#06d;font-size:11px;line-height:16px;\" target=\"_blank\" href=\"https:\/\/es.wikiloc.com\" rel=\"noopener\">Wikiloc<\/a><\/div>\n\n\n\n<figure class=\"wp-block-video\"><video height=\"1080\" style=\"aspect-ratio: 1440 \/ 1080;\" width=\"1440\" controls src=\"http:\/\/ikdd.clubrav4.es\/wp-content\/uploads\/2021\/11\/RUTA-A2.mp4\"><\/video><\/figure>\n\n\n\n<div class=\"wp-block-buttons is-layout-flex wp-block-buttons-is-layout-flex\">\n<div class=\"wp-block-button\"><a class=\"wp-block-button__link\" href=\"https:\/\/www.google.com\/maps\/d\/u\/0\/edit?mid=1JUTh_fGZVB822bl8Gy4qNBni0a6G4uvE&amp;usp=sharing\" target=\"_blank\" rel=\"noreferrer noopener\">DESCARGA MAPS<\/a><\/div>\n\n\n\n<div class=\"wp-block-button is-style-outline is-style-outline--2\"><a class=\"wp-block-button__link\" href=\"https:\/\/drive.google.com\/file\/d\/1eiPDwILxte-BSzNRyL7VDqvVI2tpwGmK\/view?usp=sharing\" target=\"_blank\" rel=\"noreferrer noopener\">DESCARGA GPS<\/a><\/div>\n<\/div>\n\n\n\n<p>RUTA B &#8211; La tranquila<\/p>\n\n\n\n<iframe loading=\"lazy\" frameborder=\"0\" scrolling=\"no\" src=\"https:\/\/es.wikiloc.com\/wikiloc\/spatialArtifacts.do?event=view&amp;id=88095241&amp;measures=on&amp;title=on&amp;near=off&amp;images=off&amp;maptype=H\" width=\"550\" height=\"400\"><\/iframe><div style=\"color:#777;font-size:11px;line-height:16px;\">Powered by <a style=\"color:#06d;font-size:11px;line-height:16px;\" target=\"_blank\" href=\"https:\/\/es.wikiloc.com\" rel=\"noopener\">Wikiloc<\/a><\/div>\n\n\n\n<figure class=\"wp-block-video\"><video height=\"1080\" style=\"aspect-ratio: 1920 \/ 1080;\" width=\"1920\" controls src=\"http:\/\/ikdd.clubrav4.es\/wp-content\/uploads\/2021\/11\/Ruta-B.mp4\"><\/video><\/figure>\n\n\n\n<div class=\"wp-block-buttons is-layout-flex wp-block-buttons-is-layout-flex\">\n<div class=\"wp-block-button\"><a class=\"wp-block-button__link\" href=\"https:\/\/www.google.com\/maps\/d\/u\/0\/edit?mid=1Vvs_hVPqGSIEOJLS3jCCScUFUz9rQ28m&amp;usp=sharing\" target=\"_blank\" rel=\"noreferrer noopener\">DESCARGA MAPS<\/a><\/div>\n\n\n\n<div class=\"wp-block-button is-style-outline is-style-outline--3\"><a class=\"wp-block-button__link\" href=\"https:\/\/drive.google.com\/file\/d\/1mY2Q3U9n-T_TWWQ4sJcEeZg-vkZ50dJB\/view?usp=sharing\" target=\"_blank\" rel=\"noreferrer noopener\">DESCARGA GPS<\/a><\/div>\n<\/div>\n\n\n\n<p>Ambas rutas tienen una parte com\u00fan y se dividen tras la foto grupal en lo alto del puerto. Tras ello nos dirigiremos hacia el punto de encuentro para dar por finalizada la KDD.<\/p>\n<\/div>\n<\/div>\n\n\n\n<p><\/p>\n","protected":false},"excerpt":{"rendered":"<p>Enlaces y descargas de las rutas RAV4 que realizaremos en la I KDD RAV4 ESPA\u00d1A<\/p>\n","protected":false},"author":1,"featured_media":0,"parent":0,"menu_order":0,"comment_status":"closed","ping_status":"closed","template":"template-fullwidth.php","meta":{"footnotes":""},"class_list":["post-1270","page","type-page","status-publish","hentry"],"aioseo_notices":[],"_links":{"self":[{"href":"http:\/\/ikdd.clubrav4.es\/index.php\/wp-json\/wp\/v2\/pages\/1270","targetHints":{"allow":["GET"]}}],"collection":[{"href":"http:\/\/ikdd.clubrav4.es\/index.php\/wp-json\/wp\/v2\/pages"}],"about":[{"href":"http:\/\/ikdd.clubrav4.es\/index.php\/wp-json\/wp\/v2\/types\/page"}],"author":[{"embeddable":true,"href":"http:\/\/ikdd.clubrav4.es\/index.php\/wp-json\/wp\/v2\/users\/1"}],"replies":[{"embeddable":true,"href":"http:\/\/ikdd.clubrav4.es\/index.php\/wp-json\/wp\/v2\/comments?post=1270"}],"version-history":[{"count":19,"href":"http:\/\/ikdd.clubrav4.es\/index.php\/wp-json\/wp\/v2\/pages\/1270\/revisions"}],"predecessor-version":[{"id":1473,"href":"http:\/\/ikdd.clubrav4.es\/index.php\/wp-json\/wp\/v2\/pages\/1270\/revisions\/1473"}],"wp:attachment":[{"href":"http:\/\/ikdd.clubrav4.es\/index.php\/wp-json\/wp\/v2\/media?parent=1270"}],"curies":[{"name":"wp","href":"https:\/\/api.w.org\/{rel}","templated":true}]}}